{"id":14156,"date":"2025-04-09T15:12:34","date_gmt":"2025-04-09T15:12:34","guid":{"rendered":"https:\/\/pinacotecabrera.org\/learn\/audio-guide\/"},"modified":"2025-09-03T16:15:21","modified_gmt":"2025-09-03T14:15:21","slug":"audio-guide","status":"publish","type":"page","link":"https:\/\/pinacotecabrera.org\/en\/learn\/audio-guide\/","title":{"rendered":"Audio Guide"},"content":{"rendered":"\n<div class=\"wp-block-group alignfull padding vertical-padding bg-one is-layout-flow wp-block-group-is-layout-flow\">\n<div class=\"wp-block-group is-layout-flow wp-block-group-is-layout-flow\">\n<h1 class=\"wp-block-heading alignwide\" id=\"h-audioguide\">Audioguide<\/h1>\n\n\n<section  class=\"\">\n\n   \n\n    <div id=\"audio-guide-archive-filters\" class=\"alignwide\">\n        <div class=\"filters-bar flex flex-col lg:flex-row gap-0 md:gap-6 lg:justify-between lg:items-center py-12\">\n            \n            <div class=\"filter-categories\">\n                <p class=\"text-lg font-black mb-3 hidden md:block\">Filter by category<\/p>\n\n                <button type=\"button\" class=\"filter-category-toggle md:hidden\" aria-expanded=\"false\">\n                    Filter by category\n                <\/button>\n\n                <ul class=\"button-list\">\n                    <li>\n                        <button class=\"filter-category active\" data-type=\"category\" data-category=\"all\">\n                            All\n                        <\/button>\n                    <\/li>\n                                            <li>\n                            <button class=\"filter-category \" data-type=\"category\" data-category=\"accessibile-a-sordi-segnanti\">\n                                Accessibile a sordi segnanti\n                            <\/button>\n                        <\/li>\n                                            <li>\n                            <button class=\"filter-category \" data-type=\"category\" data-category=\"famiglie-e-bambini\">\n                                Famiglie e bambini\n                            <\/button>\n                        <\/li>\n                                            <li>\n                            <button class=\"filter-category \" data-type=\"category\" data-category=\"giovani-e-adulti-en\">\n                                Teens and adults\n                            <\/button>\n                        <\/li>\n                                    <\/ul>\n\n            <\/div>\n        <\/div>\n    <\/div>\n\n    <div id=\"audio-guide-archive\" class=\"alignwide grid grid-cols-1 md:grid-cols-2 lg:grid-cols-3 2xl:grid-cols-4 gap-6\">\n        <div class=\"audio-guida-card\">\n    <div class=\"audio-guida-card-image aspect-video overflow-hidden relative\">\n        <a href=\"https:\/\/pinacotecabrera.org\/en\/educazione\/audio-guide\/30-minutes-with-carlo-crivelli\/\">\n            <img decoding=\"async\" class=\"w-full h-full object-cover transition-transform duration-500 hover:scale-105\" src=\"https:\/\/pinacotecabrera.org\/wp-content\/uploads\/2025\/04\/30-minuti-con-crivelli-eng-1024x576.jpg\" alt=\"\">\n        <\/a>\n    <\/div>\n    <div class=\"audio-guida-card-content mt-4 flex flex-col gap-6 justify-between\">\n        <div>   \n            <p class=\"text-xs uppercase font-pinacoteca-heading mb-2\">Teens and adults<\/p>\n            <h4 class=\"mb-3\">30 minutes with Carlo Crivelli<\/h4>\n            <p class=\"text-sm\">In each guide a single work will be presented in depth. This guide is devoted to Carlo Crivelli&#039;s Triptych of San Domenico.<\/p>\n        <\/div>\n        <a class=\"font-bold text-theme-primary hover:underline\" href=\"https:\/\/pinacotecabrera.org\/en\/educazione\/audio-guide\/30-minutes-with-carlo-crivelli\/\">Go to audioguide<\/a>  \n    <\/div>\n<\/div><div class=\"audio-guida-card\">\n    <div class=\"audio-guida-card-image aspect-video overflow-hidden relative\">\n        <a href=\"https:\/\/pinacotecabrera.org\/en\/educazione\/audio-guide\/5-masterpieces-for-you\/\">\n            <img decoding=\"async\" class=\"w-full h-full object-cover transition-transform duration-500 hover:scale-105\" src=\"https:\/\/pinacotecabrera.org\/wp-content\/uploads\/2025\/04\/5-masterpieces-for-you-1024x576.jpg\" alt=\"\">\n        <\/a>\n    <\/div>\n    <div class=\"audio-guida-card-content mt-4 flex flex-col gap-6 justify-between\">\n        <div>   \n            <p class=\"text-xs uppercase font-pinacoteca-heading mb-2\">Teens and adults<\/p>\n            <h4 class=\"mb-3\">5 Masterpieces for you<\/h4>\n            <p class=\"text-sm\">5 Masterpieces for You is a free audio guide that guides you around the Pinacoteca and invites you to pause for a few minutes on the major masterpieces in the collection.<\/p>\n        <\/div>\n        <a class=\"font-bold text-theme-primary hover:underline\" href=\"https:\/\/pinacotecabrera.org\/en\/educazione\/audio-guide\/5-masterpieces-for-you\/\">Go to audioguide<\/a>  \n    <\/div>\n<\/div><div class=\"audio-guida-card\">\n    <div class=\"audio-guida-card-image aspect-video overflow-hidden relative\">\n        <a href=\"https:\/\/pinacotecabrera.org\/en\/educazione\/audio-guide\/10-masterpieces-for-you\/\">\n            <img decoding=\"async\" class=\"w-full h-full object-cover transition-transform duration-500 hover:scale-105\" src=\"https:\/\/pinacotecabrera.org\/wp-content\/uploads\/2025\/04\/10-Masterpieces-for-You-1024x576.jpg\" alt=\"\">\n        <\/a>\n    <\/div>\n    <div class=\"audio-guida-card-content mt-4 flex flex-col gap-6 justify-between\">\n        <div>   \n            <p class=\"text-xs uppercase font-pinacoteca-heading mb-2\">Teens and adults<\/p>\n            <h4 class=\"mb-3\">10 Masterpieces for you<\/h4>\n            <p class=\"text-sm\">10 Masterpieces for You is a free audio guide that walks you through the Pinacoteca and invites you to pause for a few minutes on the major masterpieces in the collection.<\/p>\n        <\/div>\n        <a class=\"font-bold text-theme-primary hover:underline\" href=\"https:\/\/pinacotecabrera.org\/en\/educazione\/audio-guide\/10-masterpieces-for-you\/\">Go to audioguide<\/a>  \n    <\/div>\n<\/div><div class=\"audio-guida-card\">\n    <div class=\"audio-guida-card-image aspect-video overflow-hidden relative\">\n        <a href=\"https:\/\/pinacotecabrera.org\/en\/educazione\/audio-guide\/i-tesori-del-palazzo-di-brera\/\">\n            <img decoding=\"async\" class=\"w-full h-full object-cover transition-transform duration-500 hover:scale-105\" src=\"https:\/\/pinacotecabrera.org\/wp-content\/uploads\/2025\/07\/i-tesori-del-palazzo-di-brera-hero-1024x576.jpg\" alt=\"\">\n        <\/a>\n    <\/div>\n    <div class=\"audio-guida-card-content mt-4 flex flex-col gap-6 justify-between\">\n        <div>   \n            <p class=\"text-xs uppercase font-pinacoteca-heading mb-2\">Teens and adults<\/p>\n            <h4 class=\"mb-3\">The treasures of Brera Palace<\/h4>\n            <p class=\"text-sm\">This audioguide is designed for visitors who want to discover the secrets of the Brera Palace. \r\n<\/p>\n        <\/div>\n        <a class=\"font-bold text-theme-primary hover:underline\" href=\"https:\/\/pinacotecabrera.org\/en\/educazione\/audio-guide\/i-tesori-del-palazzo-di-brera\/\">Go to audioguide<\/a>  \n    <\/div>\n<\/div><div class=\"audio-guida-card\">\n    <div class=\"audio-guida-card-image aspect-video overflow-hidden relative\">\n        <a href=\"https:\/\/pinacotecabrera.org\/en\/educazione\/audio-guide\/10-chefs-doeuvre-pour-vous\/\">\n            <img decoding=\"async\" class=\"w-full h-full object-cover transition-transform duration-500 hover:scale-105\" src=\"https:\/\/pinacotecabrera.org\/wp-content\/uploads\/2025\/04\/10-chefs-doeuvre-pour-vous-1024x576.jpg\" alt=\"\">\n        <\/a>\n    <\/div>\n    <div class=\"audio-guida-card-content mt-4 flex flex-col gap-6 justify-between\">\n        <div>   \n            <p class=\"text-xs uppercase font-pinacoteca-heading mb-2\">Teens and adults<\/p>\n            <h4 class=\"mb-3\">10 chefs-d \u2019 \u0153uvre pour vous<\/h4>\n            <p class=\"text-sm\">10 chefs-d&#039;\u0153uvre pour vous est un audioguide gratuit qui vous guide \u00e0 travers la Pinacoth\u00e8que et vous invite \u00e0 vous arr\u00eater quelques minutes sur les principaux chefs-d&#039;\u0153uvre de la collection.<\/p>\n        <\/div>\n        <a class=\"font-bold text-theme-primary hover:underline\" href=\"https:\/\/pinacotecabrera.org\/en\/educazione\/audio-guide\/10-chefs-doeuvre-pour-vous\/\">Go to audioguide<\/a>  \n    <\/div>\n<\/div><div class=\"audio-guida-card\">\n    <div class=\"audio-guida-card-image aspect-video overflow-hidden relative\">\n        <a href=\"https:\/\/pinacotecabrera.org\/en\/educazione\/audio-guide\/10-obras-maestras-para-ti\/\">\n            <img decoding=\"async\" class=\"w-full h-full object-cover transition-transform duration-500 hover:scale-105\" src=\"https:\/\/pinacotecabrera.org\/wp-content\/uploads\/2025\/04\/10-obras-maestras-para-ti-1024x576.jpg\" alt=\"\">\n        <\/a>\n    <\/div>\n    <div class=\"audio-guida-card-content mt-4 flex flex-col gap-6 justify-between\">\n        <div>   \n            <p class=\"text-xs uppercase font-pinacoteca-heading mb-2\">Teens and adults<\/p>\n            <h4 class=\"mb-3\">10 Obras maestras para ti<\/h4>\n            <p class=\"text-sm\">10 Masterpieces for You is a free audio guide that walks you through the Pinacoteca and invites you to pause for a few minutes on the major masterpieces in the collection.<\/p>\n        <\/div>\n        <a class=\"font-bold text-theme-primary hover:underline\" href=\"https:\/\/pinacotecabrera.org\/en\/educazione\/audio-guide\/10-obras-maestras-para-ti\/\">Go to audioguide<\/a>  \n    <\/div>\n<\/div><div class=\"audio-guida-card\">\n    <div class=\"audio-guida-card-image aspect-video overflow-hidden relative\">\n        <a href=\"https:\/\/pinacotecabrera.org\/en\/educazione\/audio-guide\/5-chefs-doeuvre-pour-vous\/\">\n            <img decoding=\"async\" class=\"w-full h-full object-cover transition-transform duration-500 hover:scale-105\" src=\"https:\/\/pinacotecabrera.org\/wp-content\/uploads\/2025\/04\/5-chefs-d-oeuvre-pour-vous-1024x576.jpg\" alt=\"\">\n        <\/a>\n    <\/div>\n    <div class=\"audio-guida-card-content mt-4 flex flex-col gap-6 justify-between\">\n        <div>   \n            <p class=\"text-xs uppercase font-pinacoteca-heading mb-2\">Teens and adults<\/p>\n            <h4 class=\"mb-3\">5 chefs-d\u2019\u0153uvre pour vous<\/h4>\n            <p class=\"text-sm\">5 Chefs-d&#039;\u0153uvre pour vous est un audioguide gratuit qui vous guide dans la Pinacoth\u00e8que et vous invite \u00e0 vous arr\u00eater quelques minutes sur les principaux chefs-d&#039;\u0153uvre de la collection.<\/p>\n        <\/div>\n        <a class=\"font-bold text-theme-primary hover:underline\" href=\"https:\/\/pinacotecabrera.org\/en\/educazione\/audio-guide\/5-chefs-doeuvre-pour-vous\/\">Go to audioguide<\/a>  \n    <\/div>\n<\/div><div class=\"audio-guida-card\">\n    <div class=\"audio-guida-card-image aspect-video overflow-hidden relative\">\n        <a href=\"https:\/\/pinacotecabrera.org\/en\/educazione\/audio-guide\/5-obras-maestras-para-ti\/\">\n            <img decoding=\"async\" class=\"w-full h-full object-cover transition-transform duration-500 hover:scale-105\" src=\"https:\/\/pinacotecabrera.org\/wp-content\/uploads\/2025\/04\/5-obras-maestras-para-ti-1024x576.jpg\" alt=\"\">\n        <\/a>\n    <\/div>\n    <div class=\"audio-guida-card-content mt-4 flex flex-col gap-6 justify-between\">\n        <div>   \n            <p class=\"text-xs uppercase font-pinacoteca-heading mb-2\">Teens and adults<\/p>\n            <h4 class=\"mb-3\">5 Obras maestras para ti<\/h4>\n            <p class=\"text-sm\">5 Obras maestras para ti es una audiogu\u00eda gratuita que te gu\u00eda por la Pinacoteca y te invita a detenerte unos minutos en las principales obras maestras de la colecci\u00f3n.<\/p>\n        <\/div>\n        <a class=\"font-bold text-theme-primary hover:underline\" href=\"https:\/\/pinacotecabrera.org\/en\/educazione\/audio-guide\/5-obras-maestras-para-ti\/\">Go to audioguide<\/a>  \n    <\/div>\n<\/div>\n    <\/div>\n\n    <div class=\"justify-center items-center loader-container flex hidden my-6\">\n        <span class=\"loader blue\"><\/span>\n    <\/div>\n    <div class=\"pagination-container\">\n        \n    <\/div>\n\n\n    \n    \n\n<\/section>\n<\/div>\n<\/div>\n","protected":false},"excerpt":{"rendered":"<p>Audioguide<\/p>\n","protected":false},"author":2,"featured_media":0,"parent":9473,"menu_order":0,"comment_status":"closed","ping_status":"closed","template":"","meta":{"_acf_changed":false,"footnotes":""},"class_list":["post-14156","page","type-page","status-publish","hentry"],"acf":[],"yoast_head":"<!-- This site is optimized with the Yoast SEO Premium plugin v26.5 (Yoast SEO v26.5) - https:\/\/yoast.com\/wordpress\/plugins\/seo\/ -->\n<title>Audio Guide | Pinacoteca di Brera<\/title>\n<meta name=\"robots\" content=\"index, follow, max-snippet:-1, max-image-preview:large, max-video-preview:-1\" \/>\n<link rel=\"canonical\" href=\"https:\/\/pinacotecabrera.org\/en\/learn\/audio-guide\/\" \/>\n<meta property=\"og:locale\" content=\"en_US\" \/>\n<meta property=\"og:type\" content=\"article\" \/>\n<meta property=\"og:title\" content=\"Audio Guide\" \/>\n<meta property=\"og:description\" content=\"Audioguide\" \/>\n<meta property=\"og:url\" content=\"https:\/\/pinacotecabrera.org\/en\/learn\/audio-guide\/\" \/>\n<meta property=\"og:site_name\" content=\"Pinacoteca di Brera\" \/>\n<meta property=\"article:publisher\" content=\"https:\/\/www.facebook.com\/PinacotecadiBrera\/\" \/>\n<meta property=\"article:modified_time\" content=\"2025-09-03T14:15:21+00:00\" \/>\n<meta name=\"twitter:card\" content=\"summary_large_image\" \/>\n<meta name=\"twitter:site\" content=\"@museobrera\" \/>\n<meta name=\"twitter:label1\" content=\"Est. reading time\" \/>\n\t<meta name=\"twitter:data1\" content=\"1 minute\" \/>\n<script type=\"application\/ld+json\" class=\"yoast-schema-graph\">{\"@context\":\"https:\/\/schema.org\",\"@graph\":[{\"@type\":\"WebPage\",\"@id\":\"https:\/\/pinacotecabrera.org\/en\/learn\/audio-guide\/\",\"url\":\"https:\/\/pinacotecabrera.org\/en\/learn\/audio-guide\/\",\"name\":\"Audio Guide | Pinacoteca di Brera\",\"isPartOf\":{\"@id\":\"https:\/\/pinacotecabrera.org\/#website\"},\"datePublished\":\"2025-04-09T15:12:34+00:00\",\"dateModified\":\"2025-09-03T14:15:21+00:00\",\"breadcrumb\":{\"@id\":\"https:\/\/pinacotecabrera.org\/en\/learn\/audio-guide\/#breadcrumb\"},\"inLanguage\":\"en-US\",\"potentialAction\":[{\"@type\":\"ReadAction\",\"target\":[\"https:\/\/pinacotecabrera.org\/en\/learn\/audio-guide\/\"]}]},{\"@type\":\"BreadcrumbList\",\"@id\":\"https:\/\/pinacotecabrera.org\/en\/learn\/audio-guide\/#breadcrumb\",\"itemListElement\":[{\"@type\":\"ListItem\",\"position\":1,\"name\":\"Home\",\"item\":\"https:\/\/pinacotecabrera.org\/en\/\"},{\"@type\":\"ListItem\",\"position\":2,\"name\":\"Learn\",\"item\":\"https:\/\/pinacotecabrera.org\/en\/learn\/\"},{\"@type\":\"ListItem\",\"position\":3,\"name\":\"Audio Guide\"}]},{\"@type\":\"WebSite\",\"@id\":\"https:\/\/pinacotecabrera.org\/#website\",\"url\":\"https:\/\/pinacotecabrera.org\/\",\"name\":\"Pinacoteca di Brera\",\"description\":\"\",\"publisher\":{\"@id\":\"https:\/\/pinacotecabrera.org\/#organization\"},\"potentialAction\":[{\"@type\":\"SearchAction\",\"target\":{\"@type\":\"EntryPoint\",\"urlTemplate\":\"https:\/\/pinacotecabrera.org\/?s={search_term_string}\"},\"query-input\":{\"@type\":\"PropertyValueSpecification\",\"valueRequired\":true,\"valueName\":\"search_term_string\"}}],\"inLanguage\":\"en-US\"},{\"@type\":\"Organization\",\"@id\":\"https:\/\/pinacotecabrera.org\/#organization\",\"name\":\"Pinacoteca di Brera\",\"url\":\"https:\/\/pinacotecabrera.org\/\",\"logo\":{\"@type\":\"ImageObject\",\"inLanguage\":\"en-US\",\"@id\":\"https:\/\/pinacotecabrera.org\/#\/schema\/logo\/image\/\",\"url\":\"https:\/\/pinacotecabrera.org\/wp-content\/uploads\/2025\/09\/Pinacoteca_Brera_logo.png\",\"contentUrl\":\"https:\/\/pinacotecabrera.org\/wp-content\/uploads\/2025\/09\/Pinacoteca_Brera_logo.png\",\"width\":1100,\"height\":1100,\"caption\":\"Pinacoteca di Brera\"},\"image\":{\"@id\":\"https:\/\/pinacotecabrera.org\/#\/schema\/logo\/image\/\"},\"sameAs\":[\"https:\/\/www.facebook.com\/PinacotecadiBrera\/\",\"https:\/\/x.com\/museobrera\",\"https:\/\/www.instagram.com\/pinacotecabrera\/\",\"https:\/\/www.youtube.com\/user\/pinacotecabrera\",\"https:\/\/vimeo.com\/pinacotecabrera\"]}]}<\/script>\n<!-- \/ Yoast SEO Premium plugin. -->","yoast_head_json":{"title":"Audio Guide | Pinacoteca di Brera","robots":{"index":"index","follow":"follow","max-snippet":"max-snippet:-1","max-image-preview":"max-image-preview:large","max-video-preview":"max-video-preview:-1"},"canonical":"https:\/\/pinacotecabrera.org\/en\/learn\/audio-guide\/","og_locale":"en_US","og_type":"article","og_title":"Audio Guide","og_description":"Audioguide","og_url":"https:\/\/pinacotecabrera.org\/en\/learn\/audio-guide\/","og_site_name":"Pinacoteca di Brera","article_publisher":"https:\/\/www.facebook.com\/PinacotecadiBrera\/","article_modified_time":"2025-09-03T14:15:21+00:00","twitter_card":"summary_large_image","twitter_site":"@museobrera","twitter_misc":{"Est. reading time":"1 minute"},"schema":{"@context":"https:\/\/schema.org","@graph":[{"@type":"WebPage","@id":"https:\/\/pinacotecabrera.org\/en\/learn\/audio-guide\/","url":"https:\/\/pinacotecabrera.org\/en\/learn\/audio-guide\/","name":"Audio Guide | Pinacoteca di Brera","isPartOf":{"@id":"https:\/\/pinacotecabrera.org\/#website"},"datePublished":"2025-04-09T15:12:34+00:00","dateModified":"2025-09-03T14:15:21+00:00","breadcrumb":{"@id":"https:\/\/pinacotecabrera.org\/en\/learn\/audio-guide\/#breadcrumb"},"inLanguage":"en-US","potentialAction":[{"@type":"ReadAction","target":["https:\/\/pinacotecabrera.org\/en\/learn\/audio-guide\/"]}]},{"@type":"BreadcrumbList","@id":"https:\/\/pinacotecabrera.org\/en\/learn\/audio-guide\/#breadcrumb","itemListElement":[{"@type":"ListItem","position":1,"name":"Home","item":"https:\/\/pinacotecabrera.org\/en\/"},{"@type":"ListItem","position":2,"name":"Learn","item":"https:\/\/pinacotecabrera.org\/en\/learn\/"},{"@type":"ListItem","position":3,"name":"Audio Guide"}]},{"@type":"WebSite","@id":"https:\/\/pinacotecabrera.org\/#website","url":"https:\/\/pinacotecabrera.org\/","name":"Pinacoteca di Brera","description":"","publisher":{"@id":"https:\/\/pinacotecabrera.org\/#organization"},"potentialAction":[{"@type":"SearchAction","target":{"@type":"EntryPoint","urlTemplate":"https:\/\/pinacotecabrera.org\/?s={search_term_string}"},"query-input":{"@type":"PropertyValueSpecification","valueRequired":true,"valueName":"search_term_string"}}],"inLanguage":"en-US"},{"@type":"Organization","@id":"https:\/\/pinacotecabrera.org\/#organization","name":"Pinacoteca di Brera","url":"https:\/\/pinacotecabrera.org\/","logo":{"@type":"ImageObject","inLanguage":"en-US","@id":"https:\/\/pinacotecabrera.org\/#\/schema\/logo\/image\/","url":"https:\/\/pinacotecabrera.org\/wp-content\/uploads\/2025\/09\/Pinacoteca_Brera_logo.png","contentUrl":"https:\/\/pinacotecabrera.org\/wp-content\/uploads\/2025\/09\/Pinacoteca_Brera_logo.png","width":1100,"height":1100,"caption":"Pinacoteca di Brera"},"image":{"@id":"https:\/\/pinacotecabrera.org\/#\/schema\/logo\/image\/"},"sameAs":["https:\/\/www.facebook.com\/PinacotecadiBrera\/","https:\/\/x.com\/museobrera","https:\/\/www.instagram.com\/pinacotecabrera\/","https:\/\/www.youtube.com\/user\/pinacotecabrera","https:\/\/vimeo.com\/pinacotecabrera"]}]}},"_links":{"self":[{"href":"https:\/\/pinacotecabrera.org\/en\/wp-json\/wp\/v2\/pages\/14156","targetHints":{"allow":["GET"]}}],"collection":[{"href":"https:\/\/pinacotecabrera.org\/en\/wp-json\/wp\/v2\/pages"}],"about":[{"href":"https:\/\/pinacotecabrera.org\/en\/wp-json\/wp\/v2\/types\/page"}],"author":[{"embeddable":true,"href":"https:\/\/pinacotecabrera.org\/en\/wp-json\/wp\/v2\/users\/2"}],"replies":[{"embeddable":true,"href":"https:\/\/pinacotecabrera.org\/en\/wp-json\/wp\/v2\/comments?post=14156"}],"version-history":[{"count":3,"href":"https:\/\/pinacotecabrera.org\/en\/wp-json\/wp\/v2\/pages\/14156\/revisions"}],"predecessor-version":[{"id":16109,"href":"https:\/\/pinacotecabrera.org\/en\/wp-json\/wp\/v2\/pages\/14156\/revisions\/16109"}],"up":[{"embeddable":true,"href":"https:\/\/pinacotecabrera.org\/en\/wp-json\/wp\/v2\/pages\/9473"}],"wp:attachment":[{"href":"https:\/\/pinacotecabrera.org\/en\/wp-json\/wp\/v2\/media?parent=14156"}],"curies":[{"name":"wp","href":"https:\/\/api.w.org\/{rel}","templated":true}]}}