{"id":12154,"date":"2024-11-16T17:16:37","date_gmt":"2024-11-16T17:16:37","guid":{"rendered":"https:\/\/pinacotecabrera.org\/amministrazione-trasparente\/accesso-civico\/"},"modified":"2024-11-16T17:16:37","modified_gmt":"2024-11-16T17:16:37","slug":"accesso-civico","status":"publish","type":"page","link":"https:\/\/pinacotecabrera.org\/en\/amministrazione-trasparente\/accesso-civico\/","title":{"rendered":"Accesso civico"},"content":{"rendered":"\n<div class=\"wp-block-group alignfull padding vertical-padding amministrazione-container is-layout-flow wp-block-group-is-layout-flow\">\n<div class=\"wp-block-group alignwide is-layout-flow wp-block-group-is-layout-flow\">\n<h1 class=\"wp-block-heading\" style=\"margin-bottom:var(--wp--preset--spacing--50)\">Accesso civico<\/h1>\n\n\n\n<div class=\"wp-block-columns is-layout-flex wp-container-core-columns-is-layout-9d6595d7 wp-block-columns-is-layout-flex\">\n<div class=\"wp-block-column is-layout-flow wp-block-column-is-layout-flow\" style=\"flex-basis:33.33%\"><\/div>\n\n\n\n<div class=\"wp-block-column is-layout-flow wp-block-column-is-layout-flow\" style=\"flex-basis:66.66%\">\n<div class=\"wp-block-buttons is-vertical is-layout-flex wp-container-core-buttons-is-layout-21458e71 wp-block-buttons-is-layout-flex\" style=\"margin-top:var(--wp--preset--spacing--40);margin-bottom:0\">\n<div class=\"wp-block-button is-style-follow\"><a class=\"wp-block-button__link wp-element-button\" href=\"https:\/\/trasparenza.cultura.gov.it\/pagina770_accesso-civico.html\" style=\"padding-top:0;padding-bottom:0\" target=\"_blank\" rel=\"noreferrer noopener nofollow\"><strong>Accesso civico<\/strong><\/a><\/div>\n<\/div>\n\n\n\n<p style=\"margin-top:var(--wp--preset--spacing--50)\">Con lo strumento dell\u2019accesso civico chiunque pu\u00f2 vigilare, attraverso il sito web istituzionale della Pinacoteca di Brera, sia sul corretto adempimento formale degli obblighi di pubblicazione, sia sulle finalit\u00e0 e le modalit\u00e0 di utilizzo delle risorse pubbliche. In particolare sar\u00e0 possibile segnalare l\u2019omessa o la incompleta pubblicazione di tutti i dati e le informazioni che l\u2019Amministrazione \u00e8 tenuta a pubblicare ed aggiornare nel rispetto del Decreto Legislativo 14 marzo 2013, n. 33.<\/p>\n\n\n\n<p>Il processo legislativo in materia di accessibilit\u00e0 continua ad evolversi rispondendo alle esigenze sempre pi\u00f9 estese, di trasparenza dell\u2019azione pubblica, configurando diverse forme di accesso. I differenti sistemi di accesso dipendono da diversi ordini di legittimazione e grado di trasparenza.<br>In particolare, la normativa vigente prevede:<\/p>\n\n\n\n<p>\u2022&nbsp;<strong>Accesso ai documenti amministrativi<\/strong>&nbsp;ai sensi dell\u2019art. 22 della legge n. 241\/1990 e successive modificazioni ed integrazioni il cui iter procedimentale rimane invariato e pu\u00f2 essere inoltrato da chi ha un interesse diretto, concreto e attuale, corrispondente ad una situazione giuridicamente tutelata e collegata al documento al quale \u00e8 chiesto l\u2019accesso.<\/p>\n\n\n\n<p>\u2022&nbsp;<strong>Accesso civico semplice<\/strong>,&nbsp;disciplinato dall\u2019art. 5, comma 1, del decreto legislativo n. 33\/2013 come modificato dall\u2019art. 6 del d.lgs. n. 97\/2016. avente ad oggetto \u201cdocumenti, informazioni e dati\u201d oggetto di pubblicazione obbligatoria che l\u2019amministrazione abbia omesso di pubblicare, ed esercitabile da \u201cchiunque\u201d, a prescindere da un particolare requisito di qualificazione; esso consente a qualunque soggetto interessato di chiedere la pubblicazione di informazioni, documenti e dati sui siti istituzionali.\u2028\u2028&nbsp;&nbsp;&nbsp;&nbsp;&nbsp;&nbsp;&nbsp;<br><a href=\"https:\/\/pinacotecabrera.org\/wp-content\/uploads\/2019\/01\/Pinacoteca-di-Brera-Modulo-accesso-civico-semplice.pdf\">(\u2013&gt; Scarica il&nbsp;modulo&nbsp;di richiesta di ACCESSO CIVICO SEMPLICE)<\/a><\/p>\n\n\n\n<p>\u2022&nbsp;<strong>\u2028\u2028Accesso civico generalizzato<\/strong>&nbsp;disciplinato dall\u2019art. 5, comma 2, del decreto legislativo n. 33\/2013 come modificato dall\u2019art. 6 del d.lgs. n. 97\/2016. \u201d, avente ad oggetto dati e documenti detenuti dalle pubbliche amministrazioni \u201culteriori rispetto a quelli oggetto di pubblicazione\u201d ai sensi del d.lgs. n. 33 del 2013; anche in questo caso, la legittimazione \u00e8 riconosciuta a \u201cchiunque\u201d, a prescindere da un particolare requisito di qualificazione; con il diritto di accesso generalizzato, in un\u2019ottica completamente diversa rispetto a quella che ispira la legge n. 241 del 1990, l\u2019ordinamento vuole favorire \u201cforme diffuse di controllo sul perseguimento delle funzioni istituzionali e sull\u2019utilizzo delle risorse pubbliche\u201d e \u201cpromuovere la partecipazione al dibattito pubblico\u201d.\u2028\u2028&nbsp;&nbsp;&nbsp;&nbsp;&nbsp;<\/p>\n\n\n\n<div class=\"wp-block-buttons is-vertical is-layout-flex wp-container-core-buttons-is-layout-21458e71 wp-block-buttons-is-layout-flex\" style=\"margin-top:var(--wp--preset--spacing--40);margin-bottom:0\">\n<div class=\"wp-block-button is-style-download\"><a class=\"wp-block-button__link wp-element-button\" href=\"https:\/\/pinacotecabrera.org\/wp-content\/uploads\/2024\/11\/Pinacoteca-di-Brera-Modulo-accesso-civico-generalizzato.pdf\" style=\"padding-top:0;padding-bottom:0\" target=\"_blank\" rel=\"noreferrer noopener nofollow\">Scarica il\u00a0modulo\u00a0di richiesta di ACCESSO CIVICO GENERALIZZATO<br>e il modulo di richiesta di riesame in caso di diniego<\/a><\/div>\n\n\n\n<div class=\"wp-block-button is-style-download\"><a class=\"wp-block-button__link wp-element-button\" href=\"https:\/\/pinacotecabrera.org\/wp-content\/uploads\/2024\/11\/Pinacoteca-di-Brera-Modulo-accesso-generalizzatoRIESAME.pdf\" style=\"padding-top:0;padding-bottom:0\" target=\"_blank\" rel=\"noreferrer noopener nofollow\">MODULO DI RICHIESTA RIESAME DI ACCESSO CIVICO GENERALIZZATO<\/a><\/div>\n\n\n\n<div class=\"wp-block-button is-style-download\"><a class=\"wp-block-button__link wp-element-button\" href=\"https:\/\/pinacotecabrera.org\/wp-content\/uploads\/2024\/11\/Pinacoteca-di-Brera-Articolazione-Uffici.pdf\" style=\"padding-top:0;padding-bottom:0\" target=\"_blank\" rel=\"noreferrer noopener nofollow\">PINACOTECA DI BRERA | ARTICOLAZIONE UFFICI<\/a><\/div>\n\n\n\n<div class=\"wp-block-button is-style-download\"><a class=\"wp-block-button__link wp-element-button\" href=\"https:\/\/pinacotecabrera.org\/wp-content\/uploads\/2024\/11\/Biblioteca-Braiense-Articolazione-Uffici.pdf\" style=\"padding-top:0;padding-bottom:0\" target=\"_blank\" rel=\"noreferrer noopener nofollow\">BIBLIOTECA NAZIONALE BRAIDENSE | ARTICOLAZIONE UFFICI<\/a><\/div>\n<\/div>\n<\/div>\n<\/div>\n<\/div>\n<\/div>\n","protected":false},"excerpt":{"rendered":"<p>Accesso civico Con lo strumento dell\u2019accesso civico chiunque pu\u00f2 vigilare, attraverso il sito web istituzionale della Pinacoteca di Brera, sia sul corretto adempimento formale degli obblighi di pubblicazione, sia sulle finalit\u00e0 e le modalit\u00e0 di utilizzo delle risorse pubbliche. In particolare sar\u00e0 possibile segnalare l\u2019omessa o la incompleta pubblicazione di tutti i dati e le &hellip; <a href=\"https:\/\/pinacotecabrera.org\/en\/amministrazione-trasparente\/accesso-civico\/\">Continued<\/a><\/p>\n","protected":false},"author":2,"featured_media":0,"parent":12153,"menu_order":0,"comment_status":"closed","ping_status":"closed","template":"","meta":{"_acf_changed":false,"footnotes":""},"class_list":["post-12154","page","type-page","status-publish","hentry"],"acf":[],"yoast_head":"<!-- This site is optimized with the Yoast SEO Premium plugin v26.5 (Yoast SEO v26.5) - https:\/\/yoast.com\/wordpress\/plugins\/seo\/ -->\n<title>Accesso civico | Pinacoteca di Brera<\/title>\n<meta name=\"robots\" content=\"index, follow, max-snippet:-1, max-image-preview:large, max-video-preview:-1\" \/>\n<link rel=\"canonical\" href=\"https:\/\/pinacotecabrera.org\/en\/amministrazione-trasparente\/accesso-civico\/\" \/>\n<meta property=\"og:locale\" content=\"en_US\" \/>\n<meta property=\"og:type\" content=\"article\" \/>\n<meta property=\"og:title\" content=\"Accesso civico\" \/>\n<meta property=\"og:description\" content=\"Accesso civico Con lo strumento dell\u2019accesso civico chiunque pu\u00f2 vigilare, attraverso il sito web istituzionale della Pinacoteca di Brera, sia sul corretto adempimento formale degli obblighi di pubblicazione, sia sulle finalit\u00e0 e le modalit\u00e0 di utilizzo delle risorse pubbliche. In particolare sar\u00e0 possibile segnalare l\u2019omessa o la incompleta pubblicazione di tutti i dati e le &hellip; Continued\" \/>\n<meta property=\"og:url\" content=\"https:\/\/pinacotecabrera.org\/en\/amministrazione-trasparente\/accesso-civico\/\" \/>\n<meta property=\"og:site_name\" content=\"Pinacoteca di Brera\" \/>\n<meta property=\"article:publisher\" content=\"https:\/\/www.facebook.com\/PinacotecadiBrera\/\" \/>\n<meta name=\"twitter:card\" content=\"summary_large_image\" \/>\n<meta name=\"twitter:site\" content=\"@museobrera\" \/>\n<meta name=\"twitter:label1\" content=\"Est. reading time\" \/>\n\t<meta name=\"twitter:data1\" content=\"2 minutes\" \/>\n<script type=\"application\/ld+json\" class=\"yoast-schema-graph\">{\"@context\":\"https:\/\/schema.org\",\"@graph\":[{\"@type\":\"WebPage\",\"@id\":\"https:\/\/pinacotecabrera.org\/en\/amministrazione-trasparente\/accesso-civico\/\",\"url\":\"https:\/\/pinacotecabrera.org\/en\/amministrazione-trasparente\/accesso-civico\/\",\"name\":\"Accesso civico | Pinacoteca di Brera\",\"isPartOf\":{\"@id\":\"https:\/\/pinacotecabrera.org\/#website\"},\"datePublished\":\"2024-11-16T17:16:37+00:00\",\"breadcrumb\":{\"@id\":\"https:\/\/pinacotecabrera.org\/en\/amministrazione-trasparente\/accesso-civico\/#breadcrumb\"},\"inLanguage\":\"en-US\",\"potentialAction\":[{\"@type\":\"ReadAction\",\"target\":[\"https:\/\/pinacotecabrera.org\/en\/amministrazione-trasparente\/accesso-civico\/\"]}]},{\"@type\":\"BreadcrumbList\",\"@id\":\"https:\/\/pinacotecabrera.org\/en\/amministrazione-trasparente\/accesso-civico\/#breadcrumb\",\"itemListElement\":[{\"@type\":\"ListItem\",\"position\":1,\"name\":\"Home\",\"item\":\"https:\/\/pinacotecabrera.org\/en\/\"},{\"@type\":\"ListItem\",\"position\":2,\"name\":\"Amministrazione Trasparente\",\"item\":\"https:\/\/pinacotecabrera.org\/en\/amministrazione-trasparente\/\"},{\"@type\":\"ListItem\",\"position\":3,\"name\":\"Accesso civico\"}]},{\"@type\":\"WebSite\",\"@id\":\"https:\/\/pinacotecabrera.org\/#website\",\"url\":\"https:\/\/pinacotecabrera.org\/\",\"name\":\"Pinacoteca di Brera\",\"description\":\"\",\"publisher\":{\"@id\":\"https:\/\/pinacotecabrera.org\/#organization\"},\"potentialAction\":[{\"@type\":\"SearchAction\",\"target\":{\"@type\":\"EntryPoint\",\"urlTemplate\":\"https:\/\/pinacotecabrera.org\/?s={search_term_string}\"},\"query-input\":{\"@type\":\"PropertyValueSpecification\",\"valueRequired\":true,\"valueName\":\"search_term_string\"}}],\"inLanguage\":\"en-US\"},{\"@type\":\"Organization\",\"@id\":\"https:\/\/pinacotecabrera.org\/#organization\",\"name\":\"Pinacoteca di Brera\",\"url\":\"https:\/\/pinacotecabrera.org\/\",\"logo\":{\"@type\":\"ImageObject\",\"inLanguage\":\"en-US\",\"@id\":\"https:\/\/pinacotecabrera.org\/#\/schema\/logo\/image\/\",\"url\":\"https:\/\/pinacotecabrera.org\/wp-content\/uploads\/2025\/09\/Pinacoteca_Brera_logo.png\",\"contentUrl\":\"https:\/\/pinacotecabrera.org\/wp-content\/uploads\/2025\/09\/Pinacoteca_Brera_logo.png\",\"width\":1100,\"height\":1100,\"caption\":\"Pinacoteca di Brera\"},\"image\":{\"@id\":\"https:\/\/pinacotecabrera.org\/#\/schema\/logo\/image\/\"},\"sameAs\":[\"https:\/\/www.facebook.com\/PinacotecadiBrera\/\",\"https:\/\/x.com\/museobrera\",\"https:\/\/www.instagram.com\/pinacotecabrera\/\",\"https:\/\/www.youtube.com\/user\/pinacotecabrera\",\"https:\/\/vimeo.com\/pinacotecabrera\"]}]}<\/script>\n<!-- \/ Yoast SEO Premium plugin. -->","yoast_head_json":{"title":"Accesso civico | Pinacoteca di Brera","robots":{"index":"index","follow":"follow","max-snippet":"max-snippet:-1","max-image-preview":"max-image-preview:large","max-video-preview":"max-video-preview:-1"},"canonical":"https:\/\/pinacotecabrera.org\/en\/amministrazione-trasparente\/accesso-civico\/","og_locale":"en_US","og_type":"article","og_title":"Accesso civico","og_description":"Accesso civico Con lo strumento dell\u2019accesso civico chiunque pu\u00f2 vigilare, attraverso il sito web istituzionale della Pinacoteca di Brera, sia sul corretto adempimento formale degli obblighi di pubblicazione, sia sulle finalit\u00e0 e le modalit\u00e0 di utilizzo delle risorse pubbliche. In particolare sar\u00e0 possibile segnalare l\u2019omessa o la incompleta pubblicazione di tutti i dati e le &hellip; Continued","og_url":"https:\/\/pinacotecabrera.org\/en\/amministrazione-trasparente\/accesso-civico\/","og_site_name":"Pinacoteca di Brera","article_publisher":"https:\/\/www.facebook.com\/PinacotecadiBrera\/","twitter_card":"summary_large_image","twitter_site":"@museobrera","twitter_misc":{"Est. reading time":"2 minutes"},"schema":{"@context":"https:\/\/schema.org","@graph":[{"@type":"WebPage","@id":"https:\/\/pinacotecabrera.org\/en\/amministrazione-trasparente\/accesso-civico\/","url":"https:\/\/pinacotecabrera.org\/en\/amministrazione-trasparente\/accesso-civico\/","name":"Accesso civico | Pinacoteca di Brera","isPartOf":{"@id":"https:\/\/pinacotecabrera.org\/#website"},"datePublished":"2024-11-16T17:16:37+00:00","breadcrumb":{"@id":"https:\/\/pinacotecabrera.org\/en\/amministrazione-trasparente\/accesso-civico\/#breadcrumb"},"inLanguage":"en-US","potentialAction":[{"@type":"ReadAction","target":["https:\/\/pinacotecabrera.org\/en\/amministrazione-trasparente\/accesso-civico\/"]}]},{"@type":"BreadcrumbList","@id":"https:\/\/pinacotecabrera.org\/en\/amministrazione-trasparente\/accesso-civico\/#breadcrumb","itemListElement":[{"@type":"ListItem","position":1,"name":"Home","item":"https:\/\/pinacotecabrera.org\/en\/"},{"@type":"ListItem","position":2,"name":"Amministrazione Trasparente","item":"https:\/\/pinacotecabrera.org\/en\/amministrazione-trasparente\/"},{"@type":"ListItem","position":3,"name":"Accesso civico"}]},{"@type":"WebSite","@id":"https:\/\/pinacotecabrera.org\/#website","url":"https:\/\/pinacotecabrera.org\/","name":"Pinacoteca di Brera","description":"","publisher":{"@id":"https:\/\/pinacotecabrera.org\/#organization"},"potentialAction":[{"@type":"SearchAction","target":{"@type":"EntryPoint","urlTemplate":"https:\/\/pinacotecabrera.org\/?s={search_term_string}"},"query-input":{"@type":"PropertyValueSpecification","valueRequired":true,"valueName":"search_term_string"}}],"inLanguage":"en-US"},{"@type":"Organization","@id":"https:\/\/pinacotecabrera.org\/#organization","name":"Pinacoteca di Brera","url":"https:\/\/pinacotecabrera.org\/","logo":{"@type":"ImageObject","inLanguage":"en-US","@id":"https:\/\/pinacotecabrera.org\/#\/schema\/logo\/image\/","url":"https:\/\/pinacotecabrera.org\/wp-content\/uploads\/2025\/09\/Pinacoteca_Brera_logo.png","contentUrl":"https:\/\/pinacotecabrera.org\/wp-content\/uploads\/2025\/09\/Pinacoteca_Brera_logo.png","width":1100,"height":1100,"caption":"Pinacoteca di Brera"},"image":{"@id":"https:\/\/pinacotecabrera.org\/#\/schema\/logo\/image\/"},"sameAs":["https:\/\/www.facebook.com\/PinacotecadiBrera\/","https:\/\/x.com\/museobrera","https:\/\/www.instagram.com\/pinacotecabrera\/","https:\/\/www.youtube.com\/user\/pinacotecabrera","https:\/\/vimeo.com\/pinacotecabrera"]}]}},"_links":{"self":[{"href":"https:\/\/pinacotecabrera.org\/en\/wp-json\/wp\/v2\/pages\/12154","targetHints":{"allow":["GET"]}}],"collection":[{"href":"https:\/\/pinacotecabrera.org\/en\/wp-json\/wp\/v2\/pages"}],"about":[{"href":"https:\/\/pinacotecabrera.org\/en\/wp-json\/wp\/v2\/types\/page"}],"author":[{"embeddable":true,"href":"https:\/\/pinacotecabrera.org\/en\/wp-json\/wp\/v2\/users\/2"}],"replies":[{"embeddable":true,"href":"https:\/\/pinacotecabrera.org\/en\/wp-json\/wp\/v2\/comments?post=12154"}],"version-history":[{"count":0,"href":"https:\/\/pinacotecabrera.org\/en\/wp-json\/wp\/v2\/pages\/12154\/revisions"}],"up":[{"embeddable":true,"href":"https:\/\/pinacotecabrera.org\/en\/wp-json\/wp\/v2\/pages\/12153"}],"wp:attachment":[{"href":"https:\/\/pinacotecabrera.org\/en\/wp-json\/wp\/v2\/media?parent=12154"}],"curies":[{"name":"wp","href":"https:\/\/api.w.org\/{rel}","templated":true}]}}